{"id":12,"date":"2019-03-27T06:16:56","date_gmt":"2019-03-27T06:16:56","guid":{"rendered":"http:\/\/localhost\/doro\/?page_id=8"},"modified":"2019-08-08T16:49:08","modified_gmt":"2019-08-08T19:49:08","slug":"about","status":"publish","type":"page","link":"https:\/\/patriciaoliveira.marketing\/index.php\/about\/","title":{"rendered":"Quem Somos"},"content":{"rendered":"[vc_row row_type=&#8221;main-section&#8221; wr_section_layout=&#8221;section_grid&#8221; wr_section_layout_grid=&#8221;section_layout_grid&#8221; wr_default_pad=&#8221;section-padding&#8221;][vc_column][vc_row_inner][vc_column_inner]<div class=\"sec-title animate-box  \" data-animate-effect=\"fadeInLeft\"><span class=\"heading-meta\" style=\"\">Nosso Prop\u00f3sito<\/span><h2 class=\"doro-heading\" style=\"\">Quem Somos<\/h2><\/div>[\/vc_column_inner][\/vc_row_inner][vc_row_inner][vc_column_inner width=&#8221;1\/2&#8243;]<div class=\"sec-image \"><img decoding=\"async\" class=\"img-fluid mb-30 animate-box fadeInLeft animated\" data-animate-effect=\"fadeInLeft\" src=\"https:\/\/patriciaoliveira.marketing\/wp-content\/uploads\/2019\/08\/quem-somos.jpg\" style=\"\" alt=\"\" \/><\/div>[\/vc_column_inner][vc_column_inner width=&#8221;1\/2&#8243;]<div class=\"sec-title animate-box  \" data-animate-effect=\"fadeInLeft\"><span class=\"heading-meta\" style=\"\">PATR\u00cdCIA OLIVEIRA<\/span><h3 class=\"doro-about-heading\" style=\"\">Marketing de Resultado<\/h3><\/div><div class=\"sec-text animate-box  \" data-animate-effect=\"fadeInLeft\" style=\"\"><p>\n<p class=\"p1\"><span class=\"s1\">Com certeza este n\u00e3o \u00e9 mais um site que promete a f\u00f3rmula milagrosa do sucesso ou \u201cMarketing infal\u00edvel\u201d.<span class=\"Apple-converted-space\">\u00a0 <\/span>N\u00f3s respeitamos muito a profiss\u00e3o e somos especialista em Marketing e Comunica\u00e7\u00e3o. S\u00e3o anos de estudos cont\u00ednuos e experi\u00eancias comprovadas com responsabilidade e comprometimento. Respeitamos a individualidade de cada empresa e n\u00e3o replicamos projetos, logo personalizamos as estrat\u00e9gias conforme as necessidades e os desejos de cada empresa, ou seja, elaboramos projetos exclusivos. <\/span><\/p>\n<p class=\"p1\"><span class=\"s1\">Pilares do nosso trabalho:<\/span><\/p>\n<ul class=\"ul1\">\n<li class=\"li1\"><span class=\"s1\">Pesquisa interna (empresa) e externa (mercado);<\/span><\/li>\n<li class=\"li1\"><span class=\"s1\">An\u00e1lise das informa\u00e7\u00f5es e reconhecimento das oportunidades; <\/span><\/li>\n<li class=\"li1\"><span class=\"s1\">Planejamento estrat\u00e9gica \u2013 O que vai nortear todos as a\u00e7\u00f5es para alcan\u00e7ar os objetivos;<\/span><\/li>\n<li class=\"li1\"><span class=\"s1\">Planos de a\u00e7\u00f5es \u2013 Curto e longo prazo \u2013 O que determina \u00e9 a individualidade da empresa;<\/span><\/li>\n<li class=\"li1\"><span class=\"s1\">Implementa\u00e7\u00f5es das a\u00e7\u00f5es;<\/span><\/li>\n<li class=\"li1\"><span class=\"s1\">Divulga\u00e7\u00e3o \u2013 Endomarketing \u2013 Online e Offline; <\/span><\/li>\n<li class=\"li1\"><span class=\"s1\">Gest\u00e3o de produtos e inova\u00e7\u00e3o. <\/span><\/li>\n<\/ul>\n<\/p><\/div>[\/vc_column_inner][\/vc_row_inner][\/vc_column][\/vc_row][vc_row][vc_column][vc_cta h2=&#8221;\u201cA medida que o ritmo de mudan\u00e7a acelera, as empresas n\u00e3o podem mais confiar em suas antigas pr\u00e1ticas de neg\u00f3cios para manter a prosperidade\u201d&#8221;]\n<p class=\"p1\"><span class=\"s1\">Philip Kotler<\/span><\/p>\n[\/vc_cta][\/vc_column][\/vc_row][vc_row row_type=&#8221;main-section&#8221; wr_section_layout=&#8221;section_grid&#8221; wr_section_layout_grid=&#8221;section_layout_grid&#8221; wr_default_pad=&#8221;section-padding&#8221;][vc_column][vc_row_inner][vc_column_inner]<div class=\"sec-title animate-box  \" data-animate-effect=\"fadeInLeft\"><span class=\"heading-meta\" style=\"\">Porque Existimos!<\/span><h2 class=\"doro-heading\" style=\"\">Prop\u00f3sito<\/h2><\/div><div class=\"sec-text animate-box  \" data-animate-effect=\"fadeInLeft\" style=\"\"><p>\n<p class=\"p1\"><span class=\"s1\">Resolver os problemas das empresas clientes e ajud\u00e1-las a fortalecer a sua Marca e obter Resultados efetivos. <\/span><\/p>\n<p class=\"p1\"><span class=\"s1\">Disseminar a compreens\u00e3o do Marketing e a sua essencial import\u00e2ncia para a cria\u00e7\u00e3o e para a perman\u00eancia da empresa. Reprogramando a maneira de pensar e de agir dos gestores e as equipes empresariais para que o crescimento e a inova\u00e7\u00e3o sejam cont\u00ednuos.\u00a0<\/span><\/p>\n<\/p><\/div>[\/vc_column_inner][\/vc_row_inner][\/vc_column][\/vc_row][vc_row full_width=&#8221;stretch_row&#8221; gap=&#8221;10&#8243;][vc_column][vc_row_inner content_placement=&#8221;middle&#8221; gap=&#8221;10&#8243;][vc_column_inner width=&#8221;1\/3&#8243;]<div class=\"sec-icon  \" style=\"\"><div class=\"doro-feature animate-box\" data-animate-effect=\"\"><div class=\"doro-icon\"> <span class=\"et-puzzle font-35px\" style=\"color:#442147;\"><\/span> <\/div><div class=\"doro-text\"><h3 style=\"\">Miss\u00e3o<\/h3><p>\n<p class=\"p1\"><span class=\"s1\">Oferecer solu\u00e7\u00f5es criativas e eficazes atrav\u00e9s das estrat\u00e9gias de Marketing e Comunica\u00e7\u00e3o para o sucesso dos nossos clientes. <\/span><\/p>\n<\/p><\/div><\/div><\/div>[\/vc_column_inner][vc_column_inner width=&#8221;1\/3&#8243;]<div class=\"sec-icon  \" style=\"\"><div class=\"doro-feature animate-box\" data-animate-effect=\"\"><div class=\"doro-icon\"> <span class=\"et-strategy font-35px\" style=\"color:#442147;\"><\/span> <\/div><div class=\"doro-text\"><h3 style=\"\">Vis\u00e3o<\/h3><p>\n<p class=\"p1\"><span class=\"s1\">Ser reconhecida e ser refer\u00eancia como a empresa que oferece solu\u00e7\u00f5es eficazes para o sucesso dos clientes. <\/span><\/p>\n<\/p><\/div><\/div><\/div>[\/vc_column_inner][vc_column_inner width=&#8221;1\/3&#8243;]<div class=\"sec-icon  \" style=\"\"><div class=\"doro-feature animate-box\" data-animate-effect=\"\"><div class=\"doro-icon\"> <span class=\"et-hotairballoon font-35px\" style=\"color:#442147;\"><\/span> <\/div><div class=\"doro-text\"><h3 style=\"\">Valores<\/h3><p>\n<p class=\"p1\"><span class=\"s1\">Comprometimento, transpar\u00eancia, honestidade, profissionalismo e inova\u00e7\u00e3o.<\/span><\/p>\n<\/p><\/div><\/div><\/div>[\/vc_column_inner][\/vc_row_inner][\/vc_column][\/vc_row]\n","protected":false},"excerpt":{"rendered":"<p>[vc_row row_type=&#8221;main-section&#8221; wr_section_layout=&#8221;section_grid&#8221; wr_section_layout_grid=&#8221;section_layout_grid&#8221; wr_default_pad=&#8221;section-padding&#8221;][vc_column][vc_row_inner][vc_column_inner][\/vc_column_inner][\/vc_row_inner][vc_row_inner][vc_column_inner width=&#8221;1\/2&#8243;][\/vc_column_inner][vc_column_inner width=&#8221;1\/2&#8243;][\/vc_column_inner][\/vc_row_inner][\/vc_column][\/vc_row][vc_row][vc_column][vc_cta h2=&#8221;\u201cA medida que o ritmo de mudan\u00e7a acelera, as empresas n\u00e3o podem mais confiar em suas antigas pr\u00e1ticas de neg\u00f3cios para manter a prosperidade\u201d&#8221;] Philip Kotler [\/vc_cta][\/vc_column][\/vc_row][vc_row row_type=&#8221;main-section&#8221; wr_section_layout=&#8221;section_grid&#8221; wr_section_layout_grid=&#8221;section_layout_grid&#8221; wr_default_pad=&#8221;section-padding&#8221;][vc_column][vc_row_inner][vc_column_inner][\/vc_column_inner][\/vc_row_inner][\/vc_column][\/vc_row][vc_row full_width=&#8221;stretch_row&#8221; gap=&#8221;10&#8243;][vc_column][vc_row_inner content_placement=&#8221;middle&#8221; gap=&#8221;10&#8243;][vc_column_inner width=&#8221;1\/3&#8243;][\/vc_column_inner][vc_column_inner width=&#8221;1\/3&#8243;][\/vc_column_inner][vc_column_inner width=&#8221;1\/3&#8243;][\/vc_column_inner][\/vc_row_inner][\/vc_column][\/vc_row]<\/p>\n","protected":false},"author":1,"featured_media":0,"parent":0,"menu_order":0,"comment_status":"closed","ping_status":"closed","template":"","meta":{"footnotes":""},"_links":{"self":[{"href":"https:\/\/patriciaoliveira.marketing\/index.php\/wp-json\/wp\/v2\/pages\/12"}],"collection":[{"href":"https:\/\/patriciaoliveira.marketing\/index.php\/wp-json\/wp\/v2\/pages"}],"about":[{"href":"https:\/\/patriciaoliveira.marketing\/index.php\/wp-json\/wp\/v2\/types\/page"}],"author":[{"embeddable":true,"href":"https:\/\/patriciaoliveira.marketing\/index.php\/wp-json\/wp\/v2\/users\/1"}],"replies":[{"embeddable":true,"href":"https:\/\/patriciaoliveira.marketing\/index.php\/wp-json\/wp\/v2\/comments?post=12"}],"version-history":[{"count":15,"href":"https:\/\/patriciaoliveira.marketing\/index.php\/wp-json\/wp\/v2\/pages\/12\/revisions"}],"predecessor-version":[{"id":2020,"href":"https:\/\/patriciaoliveira.marketing\/index.php\/wp-json\/wp\/v2\/pages\/12\/revisions\/2020"}],"wp:attachment":[{"href":"https:\/\/patriciaoliveira.marketing\/index.php\/wp-json\/wp\/v2\/media?parent=12"}],"curies":[{"name":"wp","href":"https:\/\/api.w.org\/{rel}","templated":true}]}}